{"id":42,"date":"2012-03-04T16:51:47","date_gmt":"2012-03-04T16:51:47","guid":{"rendered":"http:\/\/www.occauto.lu\/wp\/?page_id=42"},"modified":"2020-04-28T13:49:24","modified_gmt":"2020-04-28T13:49:24","slug":"bannieres","status":"publish","type":"page","link":"https:\/\/www.occauto.lu\/?page_id=42","title":{"rendered":"Banni\u00e8res"},"content":{"rendered":"\n\n\n<p>Ici vous trouvez des banni\u00e8res et logos pour vos besoins:<\/p>\n\n\n\n<p><\/p>\n\n\n\n<p>&nbsp;Banni\u00e8re standard : 468 x 60 px<\/p>\n\n\n\n<figure class=\"wp-block-image\"><a href=\"http:\/\/www.occauto.lu\/wp-content\/uploads\/2012\/03\/Banner.jpg\"><img decoding=\"async\" loading=\"lazy\" width=\"468\" height=\"60\" src=\"http:\/\/www.occauto.lu\/wp-content\/uploads\/2012\/03\/Banner.jpg\" alt=\"\" class=\"wp-image-43\" title=\"Banner\" srcset=\"https:\/\/www.occauto.lu\/wp-content\/uploads\/2012\/03\/Banner.jpg 468w, https:\/\/www.occauto.lu\/wp-content\/uploads\/2012\/03\/Banner-300x38.jpg 300w\" sizes=\"(max-width: 468px) 100vw, 468px\" \/><\/a><\/figure>\n\n\n\n<p>&nbsp;Bouton standard : 150 x 150px<\/p>\n\n\n\n<figure class=\"wp-block-image\"><a href=\"http:\/\/www.occauto.lu\/wp\/wp-content\/uploads\/2012\/03\/Bouton.jpg\"><img decoding=\"async\" loading=\"lazy\" width=\"150\" height=\"150\" src=\"http:\/\/www.occauto.lu\/wp-content\/uploads\/2012\/03\/Bouton.jpg\" alt=\"\" class=\"wp-image-44\" title=\"Bouton\"\/><\/a><\/figure>\n\n\n\n<p>Si vous d\u00e9sirez faire un \u00e9change de lien ou de publicit\u00e9 n&rsquo;h\u00e9sitez pas \u00e0 nous contacter.<\/p>\n\n\n\n<p><\/p>\n","protected":false},"excerpt":{"rendered":"<p>Ici vous trouvez des banni\u00e8res et logos pour vos besoins: &nbsp;Banni\u00e8re standard : 468 x 60 px &nbsp;Bouton standard : 150 x 150px Si vous d\u00e9sirez faire un \u00e9change de lien ou de publicit\u00e9 n&rsquo;h\u00e9sitez pas \u00e0 nous contacter.<\/p>\n","protected":false},"author":1,"featured_media":0,"parent":0,"menu_order":0,"comment_status":"closed","ping_status":"open","template":"","meta":{"footnotes":""},"_links":{"self":[{"href":"https:\/\/www.occauto.lu\/index.php?rest_route=\/wp\/v2\/pages\/42"}],"collection":[{"href":"https:\/\/www.occauto.lu\/index.php?rest_route=\/wp\/v2\/pages"}],"about":[{"href":"https:\/\/www.occauto.lu\/index.php?rest_route=\/wp\/v2\/types\/page"}],"author":[{"embeddable":true,"href":"https:\/\/www.occauto.lu\/index.php?rest_route=\/wp\/v2\/users\/1"}],"replies":[{"embeddable":true,"href":"https:\/\/www.occauto.lu\/index.php?rest_route=%2Fwp%2Fv2%2Fcomments&post=42"}],"version-history":[{"count":6,"href":"https:\/\/www.occauto.lu\/index.php?rest_route=\/wp\/v2\/pages\/42\/revisions"}],"predecessor-version":[{"id":113,"href":"https:\/\/www.occauto.lu\/index.php?rest_route=\/wp\/v2\/pages\/42\/revisions\/113"}],"wp:attachment":[{"href":"https:\/\/www.occauto.lu\/index.php?rest_route=%2Fwp%2Fv2%2Fmedia&parent=42"}],"curies":[{"name":"wp","href":"https:\/\/api.w.org\/{rel}","templated":true}]}}